{"id":914,"date":"2019-08-23T16:46:59","date_gmt":"2019-08-23T21:46:59","guid":{"rendered":"http:\/\/192.168.2.73\/?page_id=914"},"modified":"2022-07-14T15:15:34","modified_gmt":"2022-07-14T20:15:34","slug":"politica-de-privacidad-integral","status":"publish","type":"page","link":"https:\/\/www.abe-ref.com\/?page_id=914","title":{"rendered":"Pol\u00edtica de privacidad Integral"},"content":{"rendered":"\t\t<div data-elementor-type=\"wp-post\" data-elementor-id=\"914\" class=\"elementor elementor-914\">\n\t\t\t\t\t\t<div class=\"elementor-inner\">\n\t\t\t\t<div class=\"elementor-section-wrap\">\n\t\t\t\t\t\t\t\t\t<section class=\"elementor-section elementor-top-section elementor-element elementor-element-ae855cd elementor-section-boxed elementor-section-height-default elementor-section-height-default\" data-id=\"ae855cd\" data-element_type=\"section\">\n\t\t\t\t\t\t<div class=\"elementor-container elementor-column-gap-default\">\n\t\t\t\t\t\t\t<div class=\"elementor-row\">\n\t\t\t\t\t<div class=\"elementor-column elementor-col-100 elementor-top-column elementor-element elementor-element-2da3678f\" data-id=\"2da3678f\" data-element_type=\"column\">\n\t\t\t<div class=\"elementor-column-wrap elementor-element-populated\">\n\t\t\t\t\t\t\t<div class=\"elementor-widget-wrap\">\n\t\t\t\t\t\t<div class=\"elementor-element elementor-element-24c598d2 elementor-widget elementor-widget-text-editor\" data-id=\"24c598d2\" data-element_type=\"widget\" data-widget_type=\"text-editor.default\">\n\t\t\t\t<div class=\"elementor-widget-container\">\n\t\t\t\t\t\t\t\t<div class=\"elementor-text-editor elementor-clearfix\">\n\t\t\t\t<p><!-- wp:heading {\"level\":5} --><\/p>\n<h5><strong>I. Identidad y domicilio del Responsable. <\/strong><\/h5>\n<p><!-- \/wp:heading --><\/p>\n<p><!-- wp:table --><\/p>\n<table class=\"wp-block-table\">\n<tbody>\n<tr>\n<td>\n<p>De conformidad con el art\u00edculo 15 de la Ley Federal de Protecci\u00f3n de Datos<br \/>Personales en Posesi\u00f3n de Particulares (LFPDPPP), las empresas A. BLASQUEZ E.<br \/>REFRIGERACION INDUSTRIAL S.A. DE C.V. INTERCAMBIADORES Y RECIPIENTES PARA<br \/>REFRIGERACION S.A. DE C.V. Y GRUPO BLASQUEZ DIRECCION Y ADMINISTRACION S.C. en<br \/>lo sucesivo \u201cBLASQUEZ\u201d, con domicilio en AV. Contreras # 516 piso 5 Col. San<br \/>Jer\u00f3nimo Lidice C.P. 10200 Del. Magdalena Contreras M\u00e9xico D.F. y Hermenegildo<br \/>Galeana # 38 Col. Guadalupe del Moral C.P. 09300 Del. Iztapalapa M\u00e9xico D.F.<br \/>hace de su conocimiento el presente Aviso de Privacidad Integral.<\/p>\n<\/td>\n<\/tr>\n<\/tbody>\n<\/table>\n<p><!-- \/wp:table --><\/p>\n<p><!-- wp:table --><\/p>\n<table class=\"wp-block-table\">\n<tbody>\n<tr>\n<td><strong> II. Datos personales y Datos Sensibles sometidos a tratamiento. <\/strong><\/td>\n<\/tr>\n<\/tbody>\n<\/table>\n<p><!-- \/wp:table --><\/p>\n<p><!-- wp:table --><\/p>\n<table class=\"wp-block-table\">\n<tbody>\n<tr>\n<td>BLASQUEZ como parte de sus actividades empresariales, requiere recabar y tratar de sus trabajadores, proveedores, clientes, y dem\u00e1s terceros que se relacionen con BLASQUEZ, datos personales de identificaci\u00f3n, de domicilio, de contacto, patrimoniales, financieros, acad\u00e9micos, laborales y de terceros, todo con el prop\u00f3sito de cumplir con las finalidades primarias y necesarias se\u00f1aladas en el presente Aviso de Privacidad Integral.<br \/>Asimismo, le informamos que para cumplir con las finalidades se\u00f1aladas en el presente Aviso, BLASQUEZ podr\u00e1 recabar y dar tratamiento a los siguientes datos personales sensibles: Datos personales de salud.<br \/>Le informamos que el tratamiento de los mencionados datos personales sensibles tiene como prop\u00f3sito que BLASQUEZ cumpla con las obligaciones derivadas de la relaci\u00f3n jur\u00eddica que tenemos con el Titular. Nos comprometemos a que los mismos ser\u00e1n tratados bajo estrictas medidas de seguridad, siempre garantizando su confidencialidad.<br \/>No ser\u00e1 necesario el consentimiento para el tratamiento de los Datos Personales cuando:<br \/>o Est\u00e9 previsto en una Ley;<br \/>o Los datos figuren en fuentes de acceso p\u00fablico;<br \/>o Los Datos Personales se sometan a un procedimiento previo de disociaci\u00f3n;<br \/>o Tenga el prop\u00f3sito de cumplir obligaciones derivadas de una relaci\u00f3n jur\u00eddica entre el Titular de los Datos Personales y BLASQUEZ;<br \/>o Exista una situaci\u00f3n de emergencia que potencialmente pueda da\u00f1ar a un individuo en sus bienes o persona; o<br \/>o Se dicte resoluci\u00f3n de autoridad competente.<\/td>\n<\/tr>\n<\/tbody>\n<\/table>\n<p><!-- \/wp:table --><\/p>\n<p><!-- wp:table --><\/p>\n<table class=\"wp-block-table\">\n<tbody>\n<tr>\n<td>\n<p><strong>III. Finalidades del tratamiento.<\/strong><\/p>\n<\/td>\n<\/tr>\n<\/tbody>\n<\/table>\n<p><!-- \/wp:table --><\/p>\n<p><!-- wp:table --><\/p>\n<table class=\"wp-block-table\">\n<tbody>\n<tr>\n<td>a.- Las finalidades primarias por las que BLASQUEZ podr\u00eda solicitar, obtener, almacenar y\/o utilizar los Datos Personales necesarios para dar cumplimiento con las obligaciones derivadas de nuestra relaci\u00f3n jur\u00eddica:<br \/>\uf0a7 Para su contrataci\u00f3n laboral o comercial.<br \/>\uf0a7 Para realizar todas las actividades que resulten necesarias para la relaci\u00f3n jur\u00eddica entre nosotros.<br \/>\uf0a7 Para enviarle informaci\u00f3n sobre asuntos relativos a la relaci\u00f3n laboral o comercial entre nosotros.<br \/>\uf0a7 Para contratar los servicios necesarios para hacer entrega de las contra prestaciones econ\u00f3micas y en especie acordadas y pre-establecidas en los contratos.<br \/>\uf0a7 Con fines estad\u00edsticos y elaboraci\u00f3n de reportes peri\u00f3dicos.<br \/>\uf0a7 Para tener actualizada nuestras bases de datos.<br \/>\uf0a7 Para realizar todos los tr\u00e1mites ante las autoridades correspondientes.<br \/>\uf0a7 Para llevar un expediente y control de programas de salud en el trabajo.<br \/>b.- Las finalidades secundarias por las que BLASQUEZ podr\u00eda solicitar, obtener, almacenar y\/o utilizar los Datos Personales son las siguientes:<br \/>\uf0a7 Con fines de comunicaci\u00f3n, promoci\u00f3n y difusi\u00f3n a trav\u00e9s de medios f\u00edsicos y electr\u00f3nicos, de nuestros productos y\/o servicios.<br \/>\uf0a7 Encuestas de medici\u00f3n de la calidad y satisfacci\u00f3n de los productos y servicios.<br \/>En ning\u00fan caso se dar\u00e1 un uso distinto a los aqu\u00ed se\u00f1alados a cualquier Dato Personal recabado, salvo que medie un cambio en este Aviso de Privacidad de acuerdo a lo establecido en la secci\u00f3n XI.<\/td>\n<\/tr>\n<\/tbody>\n<\/table>\n<p><!-- \/wp:table --><\/p>\n<p><!-- wp:table --><\/p>\n<table class=\"wp-block-table\">\n<tbody>\n<tr>\n<td>\n<p><strong>IV. Transferencia de datos personales.<\/strong><\/p>\n<\/td>\n<\/tr>\n<\/tbody>\n<\/table>\n<p><!-- \/wp:table --><\/p>\n<p><!-- wp:table --><\/p>\n<table class=\"wp-block-table\">\n<tbody>\n<tr>\n<td>\n<p>El Titular entiende y acepta que BLASQUEZ est\u00e1 autorizado para transferir los<br \/>Datos a terceros, respetando en todo momento las finalidades previstas en el<br \/>presente Aviso de Privacidad. Con fundamento en los art\u00edculos 36 y 37 de la Ley<br \/>Federal de Protecci\u00f3n de Datos Personales en Posesi\u00f3n de los Particulares, los<br \/>Datos Personales y\/o Datos Personales Sensibles pueden ser transferidos<br \/>l\u00edcitamente para las finalidades establecidas en el presente Aviso de Privacidad<br \/>a:<br \/>. Las sociedades subsidiarias, filiales, afiliadas, controladoras, y\/o<br \/>contraladas de BLASQUEZ dentro del territorio nacional o en el extranjero,<br \/>a.<br \/>Cuando la transferencia sea necesaria para proveer de los productos y servicios<br \/>o dar cumplimiento a las relaciones laborales o comerciales contratadas.<br \/>b. A<br \/>terceros en materia de atenci\u00f3n de clientes y estudios relacionadas con la<br \/>prestaci\u00f3n de productos y servicios de BLASQUEZ y<br \/>c. Terceros como agencias<br \/>de mercadotecnia que participan con BLASQUEZ para poder ofrecer sus productos y<br \/>servicios en t\u00e9rminos de lo establecido por la regulaci\u00f3n aplicable en materia<br \/>de Datos Personales.<br \/>El Titular acepta que al proporcionar sus Datos<br \/>Personales, estos estar\u00e1n sujetos a las transferencias mencionadas en el<br \/>presente Aviso de Privacidad. Para la revocaci\u00f3n del consentimiento bastar\u00e1 que<br \/>el titular presente la solicitud correspondiente en el domicilio de BLASQUEZ<br \/>cumpliendo con lo establecido en la secci\u00f3n V.<\/p>\n<\/td>\n<\/tr>\n<\/tbody>\n<\/table>\n<p><!-- \/wp:table --><\/p>\n<p><!-- wp:table --><\/p>\n<table class=\"wp-block-table\">\n<tbody>\n<tr>\n<td>\n<p><strong>V. Medios y procedimiento para ejercer los derechos ARCO<\/strong><\/p>\n<\/td>\n<\/tr>\n<\/tbody>\n<\/table>\n<p><!-- \/wp:table --><\/p>\n<p><!-- wp:table --><\/p>\n<table class=\"wp-block-table\">\n<tbody>\n<tr>\n<td>\n<p>Para ejercer sus derechos ARCO (acceso, rectificaci\u00f3n, cancelaci\u00f3n y oposici\u00f3n),<br \/>deber\u00e1 dirigirse a BLASQUEZ mediante escrito libre en Atenci\u00f3n a\u00a0Recursos Humanos, en AV. Contreras # 516 piso 5 Col. San Jer\u00f3nimo Lidice C.P. 10200<br \/>Del. Magdalena Contreras M\u00e9xico D.F. de Lunes a Viernes de las 9:00 a las 14:00<br \/>y de las 15:00 a las 18:00 horas, en d\u00edas h\u00e1biles, seg\u00fan corresponda. Para poder<br \/>dar tr\u00e1mite a cualquier solicitud de acceso, rectificaci\u00f3n, cancelaci\u00f3n u<br \/>oposici\u00f3n, deber\u00e1 ser recibida en el domicilio indicado as\u00ed como contener y<br \/>acompa\u00f1ar lo siguiente:<br \/>. El nombre del Titular, domicilio y\/o cualquier otro<br \/>medio para comunicarle la respuesta a su solicitud;<br \/>a. Los documentos que<br \/>acrediten la identidad o, en su caso, la representaci\u00f3n legal del Titular;<br \/>b.<br \/>La descripci\u00f3n clara y precisa de los Datos Personales respecto de los que se<br \/>busca ejercer alguno de los derechos antes mencionados;<br \/>c. Cualquier otro<br \/>elemento o documento que facilite la localizaci\u00f3n de los Datos del<br \/>Titular;<br \/>d. Especificar claramente si la solicitud es de acceso,<br \/>rectificaci\u00f3n, cancelaci\u00f3n u oposici\u00f3n;<br \/>e. el motivo de la solicitud y<br \/>f.<br \/>las modificaciones a realizarse, en caso de que la solicitud sea para la<br \/>rectificaci\u00f3n de Datos Personales y aportar la documentaci\u00f3n que sustente su<br \/>petici\u00f3n.<br \/>En caso de que la informaci\u00f3n proporcionada en la Solicitud ARCO<br \/>sea insuficiente o err\u00f3nea para atenderla, o bien no se acompa\u00f1en los documentos<br \/>necesarios para dar tr\u00e1mite a la misma, BLASQUEZ requerir\u00e1 al titular de los<br \/>datos o su representante, dentro de los 5 d\u00edas h\u00e1biles siguientes a la recepci\u00f3n<br \/>de la Solicitud ARCO, por una \u00fanica vez, que aporte los elementos o documentos<br \/>necesarios para dar tr\u00e1mite a la misma. El titular de los datos o su<br \/>representante, contar\u00e1 con 10 d\u00edas h\u00e1biles contados a partir del d\u00eda siguiente<br \/>de la recepci\u00f3n del requerimiento, para darle respuesta.<br \/>BLASQUEZ dar\u00e1<br \/>respuesta a la Solicitud ARCO con la determinaci\u00f3n alcanzada, en un plazo de 20<br \/>d\u00edas h\u00e1biles contados a partir de la recepci\u00f3n de la solicitud, o en caso de<br \/>haberse solicitado informaci\u00f3n o documentos adicionales, en un plazo de 20 d\u00edas<br \/>h\u00e1biles contados a partir del d\u00eda siguiente a la presentaci\u00f3n de la respuesta al<br \/>requerimiento.<br \/>En caso de ser procedente la Solicitud ARCO, BLASQUEZ har\u00e1<br \/>efectiva la determinaci\u00f3n alcanzada dentro de un plazo de 15 d\u00edas h\u00e1biles<br \/>contados a partir de que se comunique la respuesta al titular de los datos o su<br \/>representante. Trat\u00e1ndose de Solicitudes ARCO sobre el derecho de acceso a datos<br \/>personales, la entrega de los mismos se har\u00e1 previa acreditaci\u00f3n de la identidad<br \/>del titular de los datos o su representante.<br \/>BLASQUEZ podr\u00e1 ampliar los<br \/>plazos para dar respuesta a una Solicitud ARCO, y\/o para hacer efectiva la<br \/>determinaci\u00f3n alcanzada, por una sola vez, por periodos iguales a los se\u00f1alados<br \/>en cada caso, siempre que considere que las circunstancias del caso lo<br \/>justifican. Ante tales supuestos, BLASQUEZ le notificar\u00e1 al titular de los datos<br \/>o su representante, la(s) circunstancia(s) que justifican la ampliaci\u00f3n, dentro<br \/>de cada uno de los plazos originales para dar respuesta o hacer efectiva la<br \/>determinaci\u00f3n alcanzada.<br \/>Las respuestas a las Solicitudes ARCO se entregar\u00e1n<br \/>al titular de los datos o a su representante legal en copias simples o en<br \/>archivo electr\u00f3nico seg\u00fan el tipo y la cantidad de documentos de que se trate<br \/>cada caso.<br \/>Para la revocaci\u00f3n del consentimiento bastar\u00e1 que el titular<br \/>presente su solicitud en el domicilio de BLASQUEZ. BLASQUEZ har\u00e1 efectiva dicha<br \/>solicitud, siempre y cuando no se trate de un dato personal necesario para la<br \/>existencia, mantenimiento y cumplimiento de su relaci\u00f3n jur\u00eddica con el titular<br \/>de los datos.<br \/>BLASQUEZ podr\u00e1 negar el acceso, rectificaci\u00f3n, cancelaci\u00f3n u<br \/>oposici\u00f3n al tratamiento de los mismos, en los siguientes supuestos:<br \/>o Cuando<br \/>el solicitante no sea el titular de los datos personales, o el representante<br \/>legal no est\u00e9 debidamente acreditado para ello;<br \/>o Cuando en su base de datos<br \/>no se encuentren los datos personales del solicitante;<br \/>o Cuando se lesionen<br \/>los derechos de un tercero;<br \/>o Cuando exista un impedimento legal, o la<br \/>resoluci\u00f3n de una autoridad competente que restrinja el acceso a los datos<br \/>personales o que no permita la rectificaci\u00f3n, cancelaci\u00f3n u oposici\u00f3n de los<br \/>mismos;<br \/>o Cuando la rectificaci\u00f3n, cancelaci\u00f3n u oposici\u00f3n haya sido<br \/>previamente realizada.<br \/>VI. Mecanismos y procedimientos para que titular pueda<br \/>revocar su consentimiento.<br \/>BLASQUEZ estar\u00e1 facultado para dar el tratamiento<br \/>que considere adecuado a los Datos Personales, siempre y cuando se realice con<br \/>apego a las finalidades se\u00f1aladas en el inciso (a) de la Secci\u00f3n III del<br \/>presente Aviso de Privacidad. Para el tratamiento de las finalidades se\u00f1aladas<br \/>en el inciso (b) de la citada Secci\u00f3n, BLASQUEZ podr\u00e1 realizar dicho tratamiento<br \/>hasta que no reciba la negativa por parte del Titular.<br \/>A efecto de que el<br \/>Titular pueda manifestar su negativa al respecto, deber\u00e1 dirigirse a BLASQUEZ<br \/>por medio del procedimiento establecido para el ejercicio de los Derechos ARCO<br \/>se\u00f1alado en la Secci\u00f3n V del presente Aviso de Privacidad.<\/p>\n<\/td>\n<\/tr>\n<\/tbody>\n<\/table>\n<p><!-- \/wp:table --><\/p>\n<p><!-- wp:table --><\/p>\n<table class=\"wp-block-table\">\n<tbody>\n<tr>\n<td><strong>VI. Opciones para limitar uso o divulgaci\u00f3n.<\/strong><\/td>\n<\/tr>\n<\/tbody>\n<\/table>\n<p><!-- \/wp:table --><\/p>\n<p><!-- wp:table --><\/p>\n<table class=\"wp-block-table\">\n<tbody>\n<tr>\n<td>\n<p>Para dar cumplimiento con las finalidades del presente Aviso de Privacidad, as\u00ed<br \/>como para poder tratar los Datos Personales, es posible que BLASQUEZ entregue<br \/>todo o parte de los Datos a terceras personas que podr\u00e1n ser personas f\u00edsicas o<br \/>morales, nacionales o extranjeras, empresas filiales o subsidiarias, incluyendo<br \/>proveedores de bienes o servicios, que requieran conocer esta informaci\u00f3n,<br \/>incluyendo servidores de almacenamiento de informaci\u00f3n, quienes quedar\u00e1n<br \/>obligados, por contrato, a mantener la confidencialidad de los Datos Personales<br \/>y conforme a lo establecido en el presente Aviso de Privacidad. Los terceros<br \/>receptores, podr\u00e1n ser empresas industriales, comerciales y\/o de<br \/>servicios.<br \/>BLASQUEZ se compromete a contar con las medidas legales y de<br \/>seguridad suficientes y necesarias para garantizar que sus Datos Personales<br \/>permanezcan confidenciales y seguros.<\/p>\n<\/td>\n<\/tr>\n<\/tbody>\n<\/table>\n<p><!-- \/wp:table --><\/p>\n<p><!-- wp:table --><\/p>\n<table class=\"wp-block-table\">\n<tbody>\n<tr>\n<td><strong>VII. Comunicaci\u00f3n por uso de Cookies, Web Beacons o similares.<\/strong><\/td>\n<\/tr>\n<\/tbody>\n<\/table>\n<p><!-- \/wp:table --><\/p>\n<p><!-- wp:table --><\/p>\n<table class=\"wp-block-table\">\n<tbody>\n<tr>\n<td>\n<p>En caso de que el Titular proporcione sus Datos a trav\u00e9s de medios electr\u00f3nicos,<br \/>incluyendo el sitio web (Internet) de BLASQUEZ, el Titular entiende, acepta y<br \/>reconoce que:<br \/>. El sitio web de BLASQUEZ puede incluir enlaces a sitios web<br \/>de terceros, que de accederse, ocasionar\u00e1 que se abandone el sitio web de<br \/>BLASQUEZ, por lo cual BLASQUEZ no asume ninguna responsabilidad en relaci\u00f3n con<br \/>esos sitios web de terceros.<br \/>a. El sitio web de BLASQUEZ puede incluir<br \/>enlaces a sitios que administran redes sociales, en cuyo caso el Titular acepta<br \/>que al proporcionar cualquier tipo de informaci\u00f3n o Datos en dichos sitios,<br \/>ocasionar\u00e1 que la misma pueda ser le\u00edda, vista, accedida, retransmitida y<br \/>tratada por cualquier persona, y por lo tanto libera de cualquier<br \/>responsabilidad a BLASQUEZ.<br \/>Cookies: Son archivos de datos que se almacenan<br \/>en el disco duro del equipo de c\u00f3mputo o del dispositivo de comunicaciones<br \/>electr\u00f3nicas de un usuario al navegar en un sitio de Internet espec\u00edfico, el<br \/>cual permite intercambiar informaci\u00f3n de estado entre dicho sitio y el navegador<br \/>del usuario. La informaci\u00f3n de estado puede revelar medios de identificaci\u00f3n de<br \/>sesi\u00f3n, autenticaci\u00f3n o preferencias del usuario, as\u00ed como cualquier otro dato<br \/>almacenado por el navegador respecto al sitio de Internet.<br \/>Web beacons: Son<br \/>una imagen visible u oculta insertada dentro de un sitio web o correo<br \/>electr\u00f3nico, que se utiliza para monitorear el comportamiento del usuario en<br \/>estos medios. A trav\u00e9s de \u00e9stos se puede obtener informaci\u00f3n como la direcci\u00f3n<br \/>IP de origen, navegador utilizado, sistema operativo, momento en que se accedi\u00f3<br \/>a la p\u00e1gina, y en el caso del correo electr\u00f3nico, la asociaci\u00f3n de los datos<br \/>anteriores con el destinatario.<br \/>BLASQUEZ puede utilizar cookies o web beacons<br \/>en su p\u00e1gina web para facilitar la navegaci\u00f3n y para obtener una mayor eficacia<br \/>facilitando la personalizaci\u00f3n de los servicios ofrecidos a los visitantes. Las<br \/>cookies o web beacons usadas en los sitios web de BLASQUEZ, no proporcionan<br \/>referencias que permitan deducir el nombre y apellidos del visitante y no pueden<br \/>leer datos de su disco duro ni incluir virus en sus textos. Tampoco es posible<br \/>leer las cookies implantadas en el disco duro del visitante desde otros<br \/>servidores. El visitante puede configurar su navegador para aceptar o rechazar<br \/>por defecto todas las cookies o web beacons o para recibir un aviso en pantalla<br \/>de la recepci\u00f3n de cada cookie o web beacons y decidir en ese momento su<br \/>implantaci\u00f3n o no en su disco duro.<\/p>\n<\/td>\n<\/tr>\n<\/tbody>\n<\/table>\n<p><!-- \/wp:table --><\/p>\n<p><!-- wp:table --><\/p>\n<table class=\"wp-block-table\">\n<tbody>\n<tr>\n<td>\n<p><strong>IX. Cambios al Aviso de Privacidad.<\/strong><\/p>\n<\/td>\n<\/tr>\n<\/tbody>\n<\/table>\n<p><!-- \/wp:table --><\/p>\n<p><!-- wp:table --><\/p>\n<table class=\"wp-block-table\">\n<tbody>\n<tr>\n<td>\n<p>El presente Aviso de Privacidad puede sufrir modificaciones, cambios o<br \/>actualizaciones derivadas de nuevos requerimientos legales; de nuestras propias<br \/>necesidades por los productos o servicios que ofrecemos; de nuestras pr\u00e1cticas<br \/>de privacidad; de cambios en nuestro modelo de negocio, o por otras<br \/>causas.<br \/>Es nuestro compromiso mantenerlo informado sobre los cambios que<br \/>pueda sufrir el presente Aviso de Privacidad Integral, a trav\u00e9s de nuestra<br \/>p\u00e1gina de internet en:<br \/><a href=\"http:\/\/www.abe-ref.com\/aviso-de-privacidad\">www.abe-ref.com\/aviso-de-privac<\/a><\/p>\n<\/td>\n<\/tr>\n<\/tbody>\n<\/table>\n<p><!-- \/wp:table --><\/p>\t\t\t\t\t<\/div>\n\t\t\t\t\t\t<\/div>\n\t\t\t\t<\/div>\n\t\t\t\t\t\t<\/div>\n\t\t\t\t\t<\/div>\n\t\t<\/div>\n\t\t\t\t\t\t\t\t<\/div>\n\t\t\t\t\t<\/div>\n\t\t<\/section>\n\t\t\t\t\t\t\t\t\t<\/div>\n\t\t\t<\/div>\n\t\t\t\t\t<\/div>\n\t\t","protected":false},"excerpt":{"rendered":"<p>I. Identidad y domicilio del Responsable. De conformidad con el art\u00edculo 15 de la Ley Federal de Protecci\u00f3n de DatosPersonales en Posesi\u00f3n de Particulares (LFPDPPP), las empresas A. BLASQUEZ E.REFRIGERACION INDUSTRIAL S.A. DE C.V. INTERCAMBIADORES Y RECIPIENTES PARAREFRIGERACION S.A. DE C.V. Y GRUPO BLASQUEZ DIRECCION Y ADMINISTRACION S.C. enlo sucesivo \u201cBLASQUEZ\u201d, con domicilio en AV. &hellip;<\/p>\n<p class=\"read-more\"> <a class=\"\" href=\"https:\/\/www.abe-ref.com\/?page_id=914\"> <span class=\"screen-reader-text\">Pol\u00edtica de privacidad Integral<\/span> Leer m\u00e1s &raquo;<\/a><\/p>\n","protected":false},"author":1,"featured_media":0,"parent":0,"menu_order":0,"comment_status":"closed","ping_status":"closed","template":"","meta":{"site-sidebar-layout":"default","site-content-layout":"default","ast-global-header-display":"","ast-main-header-display":"","ast-hfb-above-header-display":"","ast-hfb-below-header-display":"","ast-hfb-mobile-header-display":"","site-post-title":"","ast-breadcrumbs-content":"","ast-featured-img":"","footer-sml-layout":"","theme-transparent-header-meta":"default","adv-header-id-meta":"","stick-header-meta":"","header-above-stick-meta":"","header-main-stick-meta":"","header-below-stick-meta":""},"uagb_featured_image_src":{"full":false,"thumbnail":false,"medium":false,"medium_large":false,"large":false,"1536x1536":false,"2048x2048":false},"uagb_author_info":{"display_name":"admin_abe","author_link":"https:\/\/www.abe-ref.com\/?author=1"},"uagb_comment_info":0,"uagb_excerpt":"I. Identidad y domicilio del Responsable. De conformidad con el art\u00edculo 15 de la Ley Federal de Protecci\u00f3n de DatosPersonales en Posesi\u00f3n de Particulares (LFPDPPP), las empresas A. BLASQUEZ E.REFRIGERACION INDUSTRIAL S.A. DE C.V. INTERCAMBIADORES Y RECIPIENTES PARAREFRIGERACION S.A. DE C.V. Y GRUPO BLASQUEZ DIRECCION Y ADMINISTRACION S.C. enlo sucesivo \u201cBLASQUEZ\u201d, con domicilio en AV.&hellip;","_links":{"self":[{"href":"https:\/\/www.abe-ref.com\/index.php?rest_route=\/wp\/v2\/pages\/914"}],"collection":[{"href":"https:\/\/www.abe-ref.com\/index.php?rest_route=\/wp\/v2\/pages"}],"about":[{"href":"https:\/\/www.abe-ref.com\/index.php?rest_route=\/wp\/v2\/types\/page"}],"author":[{"embeddable":true,"href":"https:\/\/www.abe-ref.com\/index.php?rest_route=\/wp\/v2\/users\/1"}],"replies":[{"embeddable":true,"href":"https:\/\/www.abe-ref.com\/index.php?rest_route=%2Fwp%2Fv2%2Fcomments&post=914"}],"version-history":[{"count":6,"href":"https:\/\/www.abe-ref.com\/index.php?rest_route=\/wp\/v2\/pages\/914\/revisions"}],"predecessor-version":[{"id":1062,"href":"https:\/\/www.abe-ref.com\/index.php?rest_route=\/wp\/v2\/pages\/914\/revisions\/1062"}],"wp:attachment":[{"href":"https:\/\/www.abe-ref.com\/index.php?rest_route=%2Fwp%2Fv2%2Fmedia&parent=914"}],"curies":[{"name":"wp","href":"https:\/\/api.w.org\/{rel}","templated":true}]}}